{"id":221,"date":"2024-01-06T15:06:13","date_gmt":"2024-01-06T14:06:13","guid":{"rendered":"https:\/\/www.alexandre-ekue-mensah.com\/?page_id=221"},"modified":"2024-01-28T01:10:30","modified_gmt":"2024-01-28T00:10:30","slug":"photographie","status":"publish","type":"page","link":"https:\/\/www.alexandre-ekue-mensah.com\/index.php\/photographie\/","title":{"rendered":"Photographie"},"content":{"rendered":"\n<div class=\"wp-block-group alignfull is-layout-constrained wp-block-group-is-layout-constrained\">\n<div class=\"wp-block-columns alignfull is-layout-flex wp-container-core-columns-is-layout-28f84493 wp-block-columns-is-layout-flex\">\n<div class=\"wp-block-column is-layout-flow wp-block-column-is-layout-flow\" style=\"flex-basis:33%\">\n<figure data-wp-context=\"{&quot;imageId&quot;:&quot;69e747efd24df&quot;}\" data-wp-interactive=\"core\/image\" data-wp-key=\"69e747efd24df\" class=\"wp-block-image size-large wp-lightbox-container\"><img loading=\"lazy\" decoding=\"async\" width=\"694\" height=\"1024\" data-wp-class--hide=\"state.isContentHidden\" data-wp-class--show=\"state.isContentVisible\" data-wp-init=\"callbacks.setButtonStyles\" data-wp-on--click=\"actions.showLightbox\" data-wp-on--load=\"callbacks.setButtonStyles\" data-wp-on-window--resize=\"callbacks.setButtonStyles\" src=\"https:\/\/www.alexandre-ekue-mensah.com\/wp-content\/uploads\/2024\/01\/AEM-natacha-mensah-sauve-20220228-009-694x1024.jpg\" alt=\"\" class=\"wp-image-736\" srcset=\"https:\/\/www.alexandre-ekue-mensah.com\/wp-content\/uploads\/2024\/01\/AEM-natacha-mensah-sauve-20220228-009-694x1024.jpg 694w, https:\/\/www.alexandre-ekue-mensah.com\/wp-content\/uploads\/2024\/01\/AEM-natacha-mensah-sauve-20220228-009-203x300.jpg 203w, https:\/\/www.alexandre-ekue-mensah.com\/wp-content\/uploads\/2024\/01\/AEM-natacha-mensah-sauve-20220228-009.jpg 706w\" sizes=\"auto, (max-width: 694px) 100vw, 694px\" \/><button\n\t\t\tclass=\"lightbox-trigger\"\n\t\t\ttype=\"button\"\n\t\t\taria-haspopup=\"dialog\"\n\t\t\taria-label=\"Agrandir\"\n\t\t\tdata-wp-init=\"callbacks.initTriggerButton\"\n\t\t\tdata-wp-on--click=\"actions.showLightbox\"\n\t\t\tdata-wp-style--right=\"state.imageButtonRight\"\n\t\t\tdata-wp-style--top=\"state.imageButtonTop\"\n\t\t>\n\t\t\t<svg xmlns=\"http:\/\/www.w3.org\/2000\/svg\" width=\"12\" height=\"12\" fill=\"none\" viewBox=\"0 0 12 12\">\n\t\t\t\t<path fill=\"#fff\" d=\"M2 0a2 2 0 0 0-2 2v2h1.5V2a.5.5 0 0 1 .5-.5h2V0H2Zm2 10.5H2a.5.5 0 0 1-.5-.5V8H0v2a2 2 0 0 0 2 2h2v-1.5ZM8 12v-1.5h2a.5.5 0 0 0 .5-.5V8H12v2a2 2 0 0 1-2 2H8Zm2-12a2 2 0 0 1 2 2v2h-1.5V2a.5.5 0 0 0-.5-.5H8V0h2Z\" \/>\n\t\t\t<\/svg>\n\t\t<\/button><\/figure>\n<\/div>\n\n\n\n<div class=\"wp-block-column is-vertically-aligned-stretch is-layout-flow wp-container-core-column-is-layout-f0f62148 wp-block-column-is-layout-flow\" style=\"padding-right:var(--wp--preset--spacing--50);padding-left:var(--wp--preset--spacing--50);flex-basis:29%\">\n<div class=\"wp-block-group is-content-justification-left is-layout-constrained wp-container-core-group-is-layout-12dd3699 wp-block-group-is-layout-constrained\">\n<h1 class=\"wp-block-heading has-text-light-color has-text-color has-link-color wp-elements-35740e831bc27ca6909b99eb7bac0dfb\" style=\"font-size:2.7rem\">Photographies<\/h1>\n\n\n\n<figure class=\"wp-block-image size-full is-resized space-page-photo\"><img loading=\"lazy\" decoding=\"async\" width=\"1\" height=\"1\" src=\"https:\/\/www.alexandre-ekue-mensah.com\/wp-content\/uploads\/2024\/01\/pix.png\" alt=\"\" class=\"wp-image-671\" style=\"object-fit:cover;width:1px;height:82px\"\/><\/figure>\n\n\n\n<div class=\"wp-block-columns is-layout-flex wp-container-core-columns-is-layout-28f84493 wp-block-columns-is-layout-flex\">\n<div class=\"wp-block-column is-layout-flow wp-block-column-is-layout-flow\" style=\"flex-basis:25%\"><\/div>\n\n\n\n<div class=\"wp-block-column is-layout-flow wp-block-column-is-layout-flow\">\n<h5 class=\"wp-block-heading has-text-align-right is-style-default has-text-light-color has-text-color has-link-color has-medium-font-size wp-elements-b6da0014f9d631e4fe8ec7daaa24e428\" style=\"font-style:normal;font-weight:300;text-transform:none\"><em>Faire du portrait <br>une ic\u00f4ne&#8230;<\/em><\/h5>\n<\/div>\n<\/div>\n\n\n\n<figure class=\"wp-block-image size-full is-resized space-page-photo\"><img loading=\"lazy\" decoding=\"async\" width=\"1\" height=\"1\" src=\"https:\/\/www.alexandre-ekue-mensah.com\/wp-content\/uploads\/2024\/01\/pix.png\" alt=\"\" class=\"wp-image-671\" style=\"object-fit:contain;width:1px;height:160px\"\/><\/figure>\n\n\n\n<p class=\"has-text-align-left has-foreground-color has-text-color has-link-color has-small-font-size wp-elements-49f1c838cb95fd391d5ab8609efc208e\">Portrait de <br>Natacha Mensah<\/p>\n<\/div>\n<\/div>\n\n\n\n<div class=\"wp-block-column is-vertically-aligned-center is-layout-flow wp-block-column-is-layout-flow\" style=\"flex-basis:44%\">\n<div class=\"wp-block-group is-vertical is-content-justification-right is-layout-flex wp-container-core-group-is-layout-c0d519fa wp-block-group-is-layout-flex\">\n<figure data-wp-context=\"{&quot;imageId&quot;:&quot;69e747efd2e27&quot;}\" data-wp-interactive=\"core\/image\" data-wp-key=\"69e747efd2e27\" class=\"wp-block-image size-full is-resized medium-picture wp-lightbox-container\"><img loading=\"lazy\" decoding=\"async\" width=\"1024\" height=\"1024\" data-wp-class--hide=\"state.isContentHidden\" data-wp-class--show=\"state.isContentVisible\" data-wp-init=\"callbacks.setButtonStyles\" data-wp-on--click=\"actions.showLightbox\" data-wp-on--load=\"callbacks.setButtonStyles\" data-wp-on-window--resize=\"callbacks.setButtonStyles\" src=\"https:\/\/www.alexandre-ekue-mensah.com\/wp-content\/uploads\/2024\/01\/portrait_inzadou_artamisou3.jpg\" alt=\"\" class=\"wp-image-300\" style=\"object-fit:cover;width:650px;height:650px\" srcset=\"https:\/\/www.alexandre-ekue-mensah.com\/wp-content\/uploads\/2024\/01\/portrait_inzadou_artamisou3.jpg 1024w, https:\/\/www.alexandre-ekue-mensah.com\/wp-content\/uploads\/2024\/01\/portrait_inzadou_artamisou3-300x300.jpg 300w, https:\/\/www.alexandre-ekue-mensah.com\/wp-content\/uploads\/2024\/01\/portrait_inzadou_artamisou3-150x150.jpg 150w, https:\/\/www.alexandre-ekue-mensah.com\/wp-content\/uploads\/2024\/01\/portrait_inzadou_artamisou3-768x768.jpg 768w\" sizes=\"auto, (max-width: 1024px) 100vw, 1024px\" \/><button\n\t\t\tclass=\"lightbox-trigger\"\n\t\t\ttype=\"button\"\n\t\t\taria-haspopup=\"dialog\"\n\t\t\taria-label=\"Agrandir\"\n\t\t\tdata-wp-init=\"callbacks.initTriggerButton\"\n\t\t\tdata-wp-on--click=\"actions.showLightbox\"\n\t\t\tdata-wp-style--right=\"state.imageButtonRight\"\n\t\t\tdata-wp-style--top=\"state.imageButtonTop\"\n\t\t>\n\t\t\t<svg xmlns=\"http:\/\/www.w3.org\/2000\/svg\" width=\"12\" height=\"12\" fill=\"none\" viewBox=\"0 0 12 12\">\n\t\t\t\t<path fill=\"#fff\" d=\"M2 0a2 2 0 0 0-2 2v2h1.5V2a.5.5 0 0 1 .5-.5h2V0H2Zm2 10.5H2a.5.5 0 0 1-.5-.5V8H0v2a2 2 0 0 0 2 2h2v-1.5ZM8 12v-1.5h2a.5.5 0 0 0 .5-.5V8H12v2a2 2 0 0 1-2 2H8Zm2-12a2 2 0 0 1 2 2v2h-1.5V2a.5.5 0 0 0-.5-.5H8V0h2Z\" \/>\n\t\t\t<\/svg>\n\t\t<\/button><\/figure>\n\n\n\n<p class=\"has-text-align-right has-foreground-color has-text-color has-link-color has-small-font-size wp-elements-bd8972a0c3c9e42db0c3b48ad50e2f89\">Portrait d&rsquo;Inzadou Artamisou<\/p>\n<\/div>\n<\/div>\n<\/div>\n<\/div>\n\n\n\n<div class=\"wp-block-group alignfull is-layout-constrained wp-block-group-is-layout-constrained\">\n<div class=\"wp-block-columns alignfull is-layout-flex wp-container-core-columns-is-layout-28f84493 wp-block-columns-is-layout-flex\">\n<div class=\"wp-block-column is-layout-flow wp-block-column-is-layout-flow\" style=\"flex-basis:36%\">\n<figure data-wp-context=\"{&quot;imageId&quot;:&quot;69e747efd3400&quot;}\" data-wp-interactive=\"core\/image\" data-wp-key=\"69e747efd3400\" class=\"wp-block-image size-large wp-lightbox-container\"><img loading=\"lazy\" decoding=\"async\" width=\"694\" height=\"1024\" data-wp-class--hide=\"state.isContentHidden\" data-wp-class--show=\"state.isContentVisible\" data-wp-init=\"callbacks.setButtonStyles\" data-wp-on--click=\"actions.showLightbox\" data-wp-on--load=\"callbacks.setButtonStyles\" data-wp-on-window--resize=\"callbacks.setButtonStyles\" src=\"https:\/\/www.alexandre-ekue-mensah.com\/wp-content\/uploads\/2024\/01\/trois_marches_marbre_rose_2_elisabeth_birot-694x1024.jpg\" alt=\"\" class=\"wp-image-1003\" srcset=\"https:\/\/www.alexandre-ekue-mensah.com\/wp-content\/uploads\/2024\/01\/trois_marches_marbre_rose_2_elisabeth_birot-694x1024.jpg 694w, https:\/\/www.alexandre-ekue-mensah.com\/wp-content\/uploads\/2024\/01\/trois_marches_marbre_rose_2_elisabeth_birot-203x300.jpg 203w, https:\/\/www.alexandre-ekue-mensah.com\/wp-content\/uploads\/2024\/01\/trois_marches_marbre_rose_2_elisabeth_birot.jpg 706w\" sizes=\"auto, (max-width: 694px) 100vw, 694px\" \/><button\n\t\t\tclass=\"lightbox-trigger\"\n\t\t\ttype=\"button\"\n\t\t\taria-haspopup=\"dialog\"\n\t\t\taria-label=\"Agrandir\"\n\t\t\tdata-wp-init=\"callbacks.initTriggerButton\"\n\t\t\tdata-wp-on--click=\"actions.showLightbox\"\n\t\t\tdata-wp-style--right=\"state.imageButtonRight\"\n\t\t\tdata-wp-style--top=\"state.imageButtonTop\"\n\t\t>\n\t\t\t<svg xmlns=\"http:\/\/www.w3.org\/2000\/svg\" width=\"12\" height=\"12\" fill=\"none\" viewBox=\"0 0 12 12\">\n\t\t\t\t<path fill=\"#fff\" d=\"M2 0a2 2 0 0 0-2 2v2h1.5V2a.5.5 0 0 1 .5-.5h2V0H2Zm2 10.5H2a.5.5 0 0 1-.5-.5V8H0v2a2 2 0 0 0 2 2h2v-1.5ZM8 12v-1.5h2a.5.5 0 0 0 .5-.5V8H12v2a2 2 0 0 1-2 2H8Zm2-12a2 2 0 0 1 2 2v2h-1.5V2a.5.5 0 0 0-.5-.5H8V0h2Z\" \/>\n\t\t\t<\/svg>\n\t\t<\/button><\/figure>\n<\/div>\n\n\n\n<div class=\"wp-block-column is-vertically-aligned-stretch is-layout-flow wp-block-column-is-layout-flow\" style=\"padding-right:var(--wp--preset--spacing--50);padding-left:var(--wp--preset--spacing--50);flex-basis:29%\">\n<div class=\"wp-block-group is-content-justification-left is-layout-constrained wp-container-core-group-is-layout-12dd3699 wp-block-group-is-layout-constrained\">\n<h2 class=\"wp-block-heading has-text-light-color has-text-color has-link-color wp-elements-5f221d012723adc6ce31fb33bbf7b753\" style=\"font-size:2rem\">Spectacles<br>&amp; r\u00e9p\u00e9titions<\/h2>\n\n\n\n<figure class=\"wp-block-image size-full is-resized space-page-photo\"><img loading=\"lazy\" decoding=\"async\" width=\"1\" height=\"1\" src=\"https:\/\/www.alexandre-ekue-mensah.com\/wp-content\/uploads\/2024\/01\/pix.png\" alt=\"\" class=\"wp-image-671\" style=\"object-fit:cover;width:1px;height:1px\"\/><\/figure>\n\n\n\n<figure class=\"wp-block-image size-full is-resized space-page-photo\"><img loading=\"lazy\" decoding=\"async\" width=\"1\" height=\"1\" src=\"https:\/\/www.alexandre-ekue-mensah.com\/wp-content\/uploads\/2024\/01\/pix.png\" alt=\"\" class=\"wp-image-671\" style=\"object-fit:contain;width:1px;height:292px\"\/><\/figure>\n\n\n\n<p class=\"has-text-align-left has-foreground-color has-text-color has-link-color has-small-font-size wp-elements-8aeac151356c1cf6e12b3b5334eece39\">Elizabeth Birot<br>sur sc\u00e8ne<br> au Cours Simon<\/p>\n<\/div>\n<\/div>\n\n\n\n<div class=\"wp-block-column is-vertically-aligned-center is-layout-flow wp-block-column-is-layout-flow\" style=\"flex-basis:50%\">\n<div class=\"wp-block-group is-vertical is-layout-flex wp-container-core-group-is-layout-fe9cc265 wp-block-group-is-layout-flex\">\n<figure class=\"wp-block-image size-full is-resized\"><img loading=\"lazy\" decoding=\"async\" width=\"1\" height=\"1\" src=\"https:\/\/www.alexandre-ekue-mensah.com\/wp-content\/uploads\/2024\/01\/pix.png\" alt=\"\" class=\"wp-image-671\" style=\"object-fit:contain;width:1px;height:76px\"\/><\/figure>\n\n\n\n<figure data-wp-context=\"{&quot;imageId&quot;:&quot;69e747efd3a02&quot;}\" data-wp-interactive=\"core\/image\" data-wp-key=\"69e747efd3a02\" class=\"wp-block-image size-large wp-lightbox-container\"><img loading=\"lazy\" decoding=\"async\" width=\"1024\" height=\"648\" data-wp-class--hide=\"state.isContentHidden\" data-wp-class--show=\"state.isContentVisible\" data-wp-init=\"callbacks.setButtonStyles\" data-wp-on--click=\"actions.showLightbox\" data-wp-on--load=\"callbacks.setButtonStyles\" data-wp-on-window--resize=\"callbacks.setButtonStyles\" src=\"https:\/\/www.alexandre-ekue-mensah.com\/wp-content\/uploads\/2024\/01\/portrait1_angelina_mensah_sauve_260821-2-1024x648.jpg\" alt=\"\" class=\"wp-image-1007\" srcset=\"https:\/\/www.alexandre-ekue-mensah.com\/wp-content\/uploads\/2024\/01\/portrait1_angelina_mensah_sauve_260821-2-1024x648.jpg 1024w, https:\/\/www.alexandre-ekue-mensah.com\/wp-content\/uploads\/2024\/01\/portrait1_angelina_mensah_sauve_260821-2-300x190.jpg 300w, https:\/\/www.alexandre-ekue-mensah.com\/wp-content\/uploads\/2024\/01\/portrait1_angelina_mensah_sauve_260821-2-768x486.jpg 768w, https:\/\/www.alexandre-ekue-mensah.com\/wp-content\/uploads\/2024\/01\/portrait1_angelina_mensah_sauve_260821-2-1536x973.jpg 1536w, https:\/\/www.alexandre-ekue-mensah.com\/wp-content\/uploads\/2024\/01\/portrait1_angelina_mensah_sauve_260821-2-2048x1297.jpg 2048w, https:\/\/www.alexandre-ekue-mensah.com\/wp-content\/uploads\/2024\/01\/portrait1_angelina_mensah_sauve_260821-2-1170x741.jpg 1170w\" sizes=\"auto, (max-width: 1024px) 100vw, 1024px\" \/><button\n\t\t\tclass=\"lightbox-trigger\"\n\t\t\ttype=\"button\"\n\t\t\taria-haspopup=\"dialog\"\n\t\t\taria-label=\"Agrandir\"\n\t\t\tdata-wp-init=\"callbacks.initTriggerButton\"\n\t\t\tdata-wp-on--click=\"actions.showLightbox\"\n\t\t\tdata-wp-style--right=\"state.imageButtonRight\"\n\t\t\tdata-wp-style--top=\"state.imageButtonTop\"\n\t\t>\n\t\t\t<svg xmlns=\"http:\/\/www.w3.org\/2000\/svg\" width=\"12\" height=\"12\" fill=\"none\" viewBox=\"0 0 12 12\">\n\t\t\t\t<path fill=\"#fff\" d=\"M2 0a2 2 0 0 0-2 2v2h1.5V2a.5.5 0 0 1 .5-.5h2V0H2Zm2 10.5H2a.5.5 0 0 1-.5-.5V8H0v2a2 2 0 0 0 2 2h2v-1.5ZM8 12v-1.5h2a.5.5 0 0 0 .5-.5V8H12v2a2 2 0 0 1-2 2H8Zm2-12a2 2 0 0 1 2 2v2h-1.5V2a.5.5 0 0 0-.5-.5H8V0h2Z\" \/>\n\t\t\t<\/svg>\n\t\t<\/button><\/figure>\n\n\n\n<p class=\"has-text-align-right p-legend has-foreground-color has-text-color has-link-color has-small-font-size wp-elements-09f61e09b970bc2f2fd09575afc8ad95\">Ang\u00e9lina Mensah en r\u00e9p\u00e9tition<\/p>\n<\/div>\n<\/div>\n<\/div>\n<\/div>\n\n\n\n<div class=\"wp-block-group alignfull is-layout-constrained wp-block-group-is-layout-constrained\">\n<div class=\"wp-block-columns alignfull is-layout-flex wp-container-core-columns-is-layout-28f84493 wp-block-columns-is-layout-flex\">\n<div class=\"wp-block-column is-layout-flow wp-block-column-is-layout-flow\" style=\"flex-basis:31%\">\n<figure data-wp-context=\"{&quot;imageId&quot;:&quot;69e747efd3f7f&quot;}\" data-wp-interactive=\"core\/image\" data-wp-key=\"69e747efd3f7f\" class=\"wp-block-image size-large wp-lightbox-container\"><img loading=\"lazy\" decoding=\"async\" width=\"694\" height=\"1024\" data-wp-class--hide=\"state.isContentHidden\" data-wp-class--show=\"state.isContentVisible\" data-wp-init=\"callbacks.setButtonStyles\" data-wp-on--click=\"actions.showLightbox\" data-wp-on--load=\"callbacks.setButtonStyles\" data-wp-on-window--resize=\"callbacks.setButtonStyles\" src=\"https:\/\/www.alexandre-ekue-mensah.com\/wp-content\/uploads\/2024\/01\/tarfuffe_1_alexandra_gonzales_guillot_justine_vallette-694x1024.jpg\" alt=\"\" class=\"wp-image-1002\" srcset=\"https:\/\/www.alexandre-ekue-mensah.com\/wp-content\/uploads\/2024\/01\/tarfuffe_1_alexandra_gonzales_guillot_justine_vallette-694x1024.jpg 694w, https:\/\/www.alexandre-ekue-mensah.com\/wp-content\/uploads\/2024\/01\/tarfuffe_1_alexandra_gonzales_guillot_justine_vallette-203x300.jpg 203w, https:\/\/www.alexandre-ekue-mensah.com\/wp-content\/uploads\/2024\/01\/tarfuffe_1_alexandra_gonzales_guillot_justine_vallette.jpg 706w\" sizes=\"auto, (max-width: 694px) 100vw, 694px\" \/><button\n\t\t\tclass=\"lightbox-trigger\"\n\t\t\ttype=\"button\"\n\t\t\taria-haspopup=\"dialog\"\n\t\t\taria-label=\"Agrandir\"\n\t\t\tdata-wp-init=\"callbacks.initTriggerButton\"\n\t\t\tdata-wp-on--click=\"actions.showLightbox\"\n\t\t\tdata-wp-style--right=\"state.imageButtonRight\"\n\t\t\tdata-wp-style--top=\"state.imageButtonTop\"\n\t\t>\n\t\t\t<svg xmlns=\"http:\/\/www.w3.org\/2000\/svg\" width=\"12\" height=\"12\" fill=\"none\" viewBox=\"0 0 12 12\">\n\t\t\t\t<path fill=\"#fff\" d=\"M2 0a2 2 0 0 0-2 2v2h1.5V2a.5.5 0 0 1 .5-.5h2V0H2Zm2 10.5H2a.5.5 0 0 1-.5-.5V8H0v2a2 2 0 0 0 2 2h2v-1.5ZM8 12v-1.5h2a.5.5 0 0 0 .5-.5V8H12v2a2 2 0 0 1-2 2H8Zm2-12a2 2 0 0 1 2 2v2h-1.5V2a.5.5 0 0 0-.5-.5H8V0h2Z\" \/>\n\t\t\t<\/svg>\n\t\t<\/button><\/figure>\n<\/div>\n\n\n\n<div class=\"wp-block-column is-vertically-aligned-bottom is-layout-flow wp-container-core-column-is-layout-03ed30e4 wp-block-column-is-layout-flow\" style=\"padding-right:var(--wp--preset--spacing--50);padding-left:var(--wp--preset--spacing--50)\">\n<blockquote class=\"wp-block-quote quote-site-photo wp-container-content-9cfa9a5a is-layout-flow wp-block-quote-is-layout-flow\">\n<h5 class=\"wp-block-heading is-style-default has-text-light-color has-text-color has-link-color has-medium-font-size wp-elements-4451870cb7f798d278e9edaef067c586\" style=\"font-style:normal;font-weight:300;text-transform:none\"><em>Capturer des talents&#8230;<\/em><\/h5>\n\n\n\n<figure class=\"wp-block-image size-full is-resized space-page-photo\"><img loading=\"lazy\" decoding=\"async\" width=\"1\" height=\"1\" src=\"https:\/\/www.alexandre-ekue-mensah.com\/wp-content\/uploads\/2024\/01\/pix.png\" alt=\"\" class=\"wp-image-671\" style=\"object-fit:contain;width:1px;height:41px\"\/><\/figure>\n<\/blockquote>\n\n\n\n<p class=\"has-text-align-left has-foreground-color has-text-color has-link-color has-small-font-size wp-elements-d7d4baab31bce7edd1a89d78fdedf33d\">Alexandra Gonzales<br>et Justine Valette<br>sur sc\u00e8ne<br> au Cours Simon<\/p>\n<\/div>\n\n\n\n<div class=\"wp-block-column is-vertically-aligned-center is-layout-flow wp-block-column-is-layout-flow\" style=\"flex-basis:36%\">\n<div class=\"wp-block-columns is-layout-flex wp-container-core-columns-is-layout-28f84493 wp-block-columns-is-layout-flex\">\n<div class=\"wp-block-column is-layout-flow wp-block-column-is-layout-flow\">\n<figure data-wp-context=\"{&quot;imageId&quot;:&quot;69e747efd4575&quot;}\" data-wp-interactive=\"core\/image\" data-wp-key=\"69e747efd4575\" class=\"wp-block-image size-large medium-picture wp-lightbox-container\"><img loading=\"lazy\" decoding=\"async\" width=\"683\" height=\"1024\" data-wp-class--hide=\"state.isContentHidden\" data-wp-class--show=\"state.isContentVisible\" data-wp-init=\"callbacks.setButtonStyles\" data-wp-on--click=\"actions.showLightbox\" data-wp-on--load=\"callbacks.setButtonStyles\" data-wp-on-window--resize=\"callbacks.setButtonStyles\" src=\"https:\/\/www.alexandre-ekue-mensah.com\/wp-content\/uploads\/2024\/01\/gora_1_emmanuel_goncalves-1-683x1024.jpg\" alt=\"\" class=\"wp-image-1020\" style=\"object-fit:cover\" srcset=\"https:\/\/www.alexandre-ekue-mensah.com\/wp-content\/uploads\/2024\/01\/gora_1_emmanuel_goncalves-1-683x1024.jpg 683w, https:\/\/www.alexandre-ekue-mensah.com\/wp-content\/uploads\/2024\/01\/gora_1_emmanuel_goncalves-1-200x300.jpg 200w, https:\/\/www.alexandre-ekue-mensah.com\/wp-content\/uploads\/2024\/01\/gora_1_emmanuel_goncalves-1-768x1151.jpg 768w, https:\/\/www.alexandre-ekue-mensah.com\/wp-content\/uploads\/2024\/01\/gora_1_emmanuel_goncalves-1.jpg 886w\" sizes=\"auto, (max-width: 683px) 100vw, 683px\" \/><button\n\t\t\tclass=\"lightbox-trigger\"\n\t\t\ttype=\"button\"\n\t\t\taria-haspopup=\"dialog\"\n\t\t\taria-label=\"Agrandir\"\n\t\t\tdata-wp-init=\"callbacks.initTriggerButton\"\n\t\t\tdata-wp-on--click=\"actions.showLightbox\"\n\t\t\tdata-wp-style--right=\"state.imageButtonRight\"\n\t\t\tdata-wp-style--top=\"state.imageButtonTop\"\n\t\t>\n\t\t\t<svg xmlns=\"http:\/\/www.w3.org\/2000\/svg\" width=\"12\" height=\"12\" fill=\"none\" viewBox=\"0 0 12 12\">\n\t\t\t\t<path fill=\"#fff\" d=\"M2 0a2 2 0 0 0-2 2v2h1.5V2a.5.5 0 0 1 .5-.5h2V0H2Zm2 10.5H2a.5.5 0 0 1-.5-.5V8H0v2a2 2 0 0 0 2 2h2v-1.5ZM8 12v-1.5h2a.5.5 0 0 0 .5-.5V8H12v2a2 2 0 0 1-2 2H8Zm2-12a2 2 0 0 1 2 2v2h-1.5V2a.5.5 0 0 0-.5-.5H8V0h2Z\" \/>\n\t\t\t<\/svg>\n\t\t<\/button><\/figure>\n\n\n\n<p class=\"has-text-align-right p-legend has-foreground-color has-text-color has-link-color has-small-font-size wp-elements-d532dd140be4ad6d85eee9b189f7d9f0\">Emmanuel Gon\u00e7alves sur sc\u00e8ne<br>au Cours Simon<\/p>\n<\/div>\n\n\n\n<div class=\"wp-block-column is-layout-flow wp-block-column-is-layout-flow\">\n<figure data-wp-context=\"{&quot;imageId&quot;:&quot;69e747efd4a03&quot;}\" data-wp-interactive=\"core\/image\" data-wp-key=\"69e747efd4a03\" class=\"wp-block-image size-large medium-picture wp-lightbox-container\"><img loading=\"lazy\" decoding=\"async\" width=\"683\" height=\"1024\" data-wp-class--hide=\"state.isContentHidden\" data-wp-class--show=\"state.isContentVisible\" data-wp-init=\"callbacks.setButtonStyles\" data-wp-on--click=\"actions.showLightbox\" data-wp-on--load=\"callbacks.setButtonStyles\" data-wp-on-window--resize=\"callbacks.setButtonStyles\" src=\"https:\/\/www.alexandre-ekue-mensah.com\/wp-content\/uploads\/2024\/01\/importance_etre_constant_1_chantal_houee-683x1024.jpg\" alt=\"\" class=\"wp-image-1001\" srcset=\"https:\/\/www.alexandre-ekue-mensah.com\/wp-content\/uploads\/2024\/01\/importance_etre_constant_1_chantal_houee-683x1024.jpg 683w, https:\/\/www.alexandre-ekue-mensah.com\/wp-content\/uploads\/2024\/01\/importance_etre_constant_1_chantal_houee-200x300.jpg 200w, https:\/\/www.alexandre-ekue-mensah.com\/wp-content\/uploads\/2024\/01\/importance_etre_constant_1_chantal_houee-768x1151.jpg 768w, https:\/\/www.alexandre-ekue-mensah.com\/wp-content\/uploads\/2024\/01\/importance_etre_constant_1_chantal_houee.jpg 886w\" sizes=\"auto, (max-width: 683px) 100vw, 683px\" \/><button\n\t\t\tclass=\"lightbox-trigger\"\n\t\t\ttype=\"button\"\n\t\t\taria-haspopup=\"dialog\"\n\t\t\taria-label=\"Agrandir\"\n\t\t\tdata-wp-init=\"callbacks.initTriggerButton\"\n\t\t\tdata-wp-on--click=\"actions.showLightbox\"\n\t\t\tdata-wp-style--right=\"state.imageButtonRight\"\n\t\t\tdata-wp-style--top=\"state.imageButtonTop\"\n\t\t>\n\t\t\t<svg xmlns=\"http:\/\/www.w3.org\/2000\/svg\" width=\"12\" height=\"12\" fill=\"none\" viewBox=\"0 0 12 12\">\n\t\t\t\t<path fill=\"#fff\" d=\"M2 0a2 2 0 0 0-2 2v2h1.5V2a.5.5 0 0 1 .5-.5h2V0H2Zm2 10.5H2a.5.5 0 0 1-.5-.5V8H0v2a2 2 0 0 0 2 2h2v-1.5ZM8 12v-1.5h2a.5.5 0 0 0 .5-.5V8H12v2a2 2 0 0 1-2 2H8Zm2-12a2 2 0 0 1 2 2v2h-1.5V2a.5.5 0 0 0-.5-.5H8V0h2Z\" \/>\n\t\t\t<\/svg>\n\t\t<\/button><\/figure>\n\n\n\n<p class=\"has-text-align-right p-legend has-foreground-color has-text-color has-link-color has-small-font-size wp-elements-73478d51c36a30ade3f127b5ae4fa213\" style=\"padding-right:2px;padding-left:2px\">Chantal Hou\u00e9e sur sc\u00e8ne<br>au Cours Simon<\/p>\n<\/div>\n<\/div>\n<\/div>\n<\/div>\n<\/div>\n","protected":false},"excerpt":{"rendered":"<p>Photographies Faire du portrait une ic\u00f4ne&#8230; Portrait de Natacha Mensah Portrait d&rsquo;Inzadou Artamisou Spectacles&amp; r\u00e9p\u00e9titions Elizabeth Birotsur sc\u00e8ne au Cours Simon Ang\u00e9lina Mensah en r\u00e9p\u00e9tition Capturer des talents&#8230; Alexandra Gonzaleset Justine Valettesur sc\u00e8ne au Cours Simon Emmanuel Gon\u00e7alves sur sc\u00e8neau Cours Simon Chantal Hou\u00e9e sur sc\u00e8neau Cours Simon<\/p>\n","protected":false},"author":2,"featured_media":0,"parent":0,"menu_order":0,"comment_status":"closed","ping_status":"closed","template":"","meta":{"footnotes":""},"class_list":["post-221","page","type-page","status-publish","hentry"],"_links":{"self":[{"href":"https:\/\/www.alexandre-ekue-mensah.com\/index.php\/wp-json\/wp\/v2\/pages\/221","targetHints":{"allow":["GET"]}}],"collection":[{"href":"https:\/\/www.alexandre-ekue-mensah.com\/index.php\/wp-json\/wp\/v2\/pages"}],"about":[{"href":"https:\/\/www.alexandre-ekue-mensah.com\/index.php\/wp-json\/wp\/v2\/types\/page"}],"author":[{"embeddable":true,"href":"https:\/\/www.alexandre-ekue-mensah.com\/index.php\/wp-json\/wp\/v2\/users\/2"}],"replies":[{"embeddable":true,"href":"https:\/\/www.alexandre-ekue-mensah.com\/index.php\/wp-json\/wp\/v2\/comments?post=221"}],"version-history":[{"count":165,"href":"https:\/\/www.alexandre-ekue-mensah.com\/index.php\/wp-json\/wp\/v2\/pages\/221\/revisions"}],"predecessor-version":[{"id":1429,"href":"https:\/\/www.alexandre-ekue-mensah.com\/index.php\/wp-json\/wp\/v2\/pages\/221\/revisions\/1429"}],"wp:attachment":[{"href":"https:\/\/www.alexandre-ekue-mensah.com\/index.php\/wp-json\/wp\/v2\/media?parent=221"}],"curies":[{"name":"wp","href":"https:\/\/api.w.org\/{rel}","templated":true}]}}